{"id":103,"date":"2019-12-10T22:52:28","date_gmt":"2019-12-10T21:52:28","guid":{"rendered":"http:\/\/marchedudimanche.be\/wordpress\/?page_id=103"},"modified":"2025-12-28T12:05:11","modified_gmt":"2025-12-28T11:05:11","slug":"liens","status":"publish","type":"page","link":"http:\/\/marchedudimanche.be\/wordpress\/liens\/","title":{"rendered":"Liens"},"content":{"rendered":"\n<figure class=\"wp-block-image size-large\"><img decoding=\"async\" width=\"64\" height=\"64\" src=\"http:\/\/marchedudimanche.be\/wordpress\/wp-content\/uploads\/2020\/01\/liens1_64x64.png\" alt=\"\" class=\"wp-image-350\"\/><\/figure>\n\n\n\n<ul class=\"wp-block-list\">\n<li> <a href=\"http:\/\/svlpn.canalblog.com\/\" target=\"_blank\" rel=\"noreferrer noopener\">Sauvegarde des voies lentes et du patrimoine naturel<\/a> <\/li>\n\n\n\n<li> <a href=\"https:\/\/transfrontaliers.wordpress.com\/\" target=\"_blank\" rel=\"noreferrer noopener\">Les randonneurs transfrontaliers<\/a><\/li>\n\n\n\n<li><a href=\"https:\/\/marcheursdequievrain.wixsite.com\/baladeursdequievrain\" target=\"_blank\" rel=\"noreferrer noopener\">Les baladeurs de Qui\u00e9vrain<\/a> <\/li>\n\n\n\n<li> <a href=\"http:\/\/www.sport-adeps.be\/index.php?id=5945\" target=\"_blank\" rel=\"noreferrer noopener\">Marches &#8211; Les Points Verts de l&rsquo;Adeps<\/a> <\/li>\n\n\n\n<li> <a href=\"http:\/\/www.sans-soucis-ghlin.be\/\" target=\"_blank\" rel=\"noreferrer noopener\">Les sans-soucis Ghlin<\/a><\/li>\n\n\n\n<li><a aria-label=\"Les marcheurs de la Sylle (s\u2019ouvre dans un nouvel onglet)\" href=\"http:\/\/lesmarcheursdelasylle.webador.be\" target=\"_blank\" rel=\"noreferrer noopener\">Les marcheurs de la Sylle<\/a><\/li>\n\n\n\n<li> <a aria-label=\"Les randonneurs du Val de Sambre (FR) (s\u2019ouvre dans un nouvel onglet)\" href=\"http:\/\/lesrandonneursduvaldesambre.fr\/\" target=\"_blank\" rel=\"noreferrer noopener\">Les randonneurs du Val de Sambre (FR)<\/a><\/li>\n\n\n\n<li> <a href=\"http:\/\/grsentiers.org\/\" target=\"_blank\" rel=\"noreferrer noopener\">Les sentiers de grande randonn\u00e9es<\/a> <\/li>\n\n\n\n<li><a aria-label=\" (opens in a new tab)\" href=\"https:\/\/www.telemb.be\/index.php\/article\/hornu-des-randonnees-guidees-pour-decouvrir-la-region\" target=\"_blank\" rel=\"noreferrer noopener\">Des randonn\u00e9es guid\u00e9es pour d\u00e9couvrir la r\u00e9gion (reportage TELEMB)<\/a><\/li>\n\n\n\n<li><a aria-label=\"Patrimoine ferrovi\u00e8re et tourisme (opens in a new tab)\" href=\"http:\/\/www.pfttsp.be\" target=\"_blank\" rel=\"noreferrer noopener\">Patrimoine ferroviaire et tourisme<\/a><\/li>\n\n\n\n<li><a href=\"http:\/\/marchedudimanche.be\/wordpress\/la-royale-fanfare-communale-de-huissignies\/\">La Royale Fanfare Communale de Huissignies en pleine r\u00e9p\u00e9tition lors de notre marche \u00e0 Beloeil<\/a><\/li>\n\n\n\n<li><a aria-label=\"Dragon Audax - Marche de la St-Sylvestre (s\u2019ouvre dans un nouvel onglet)\" href=\"http:\/\/damons.be\" target=\"_blank\" rel=\"noreferrer noopener\">Dragon Audax &#8211; Marche de la St-Sylvestre<\/a><\/li>\n<\/ul>\n\n\n\n<p><\/p>\n","protected":false},"excerpt":{"rendered":"","protected":false},"author":1,"featured_media":0,"parent":0,"menu_order":0,"comment_status":"closed","ping_status":"closed","template":"","meta":{"footnotes":""},"class_list":["post-103","page","type-page","status-publish","hentry"],"_links":{"self":[{"href":"http:\/\/marchedudimanche.be\/wordpress\/wp-json\/wp\/v2\/pages\/103","targetHints":{"allow":["GET"]}}],"collection":[{"href":"http:\/\/marchedudimanche.be\/wordpress\/wp-json\/wp\/v2\/pages"}],"about":[{"href":"http:\/\/marchedudimanche.be\/wordpress\/wp-json\/wp\/v2\/types\/page"}],"author":[{"embeddable":true,"href":"http:\/\/marchedudimanche.be\/wordpress\/wp-json\/wp\/v2\/users\/1"}],"replies":[{"embeddable":true,"href":"http:\/\/marchedudimanche.be\/wordpress\/wp-json\/wp\/v2\/comments?post=103"}],"version-history":[{"count":21,"href":"http:\/\/marchedudimanche.be\/wordpress\/wp-json\/wp\/v2\/pages\/103\/revisions"}],"predecessor-version":[{"id":5845,"href":"http:\/\/marchedudimanche.be\/wordpress\/wp-json\/wp\/v2\/pages\/103\/revisions\/5845"}],"wp:attachment":[{"href":"http:\/\/marchedudimanche.be\/wordpress\/wp-json\/wp\/v2\/media?parent=103"}],"curies":[{"name":"wp","href":"https:\/\/api.w.org\/{rel}","templated":true}]}}