{"id":2211,"date":"2021-03-09T11:59:41","date_gmt":"2021-03-09T10:59:41","guid":{"rendered":"http:\/\/marchedudimanche.be\/wordpress\/?page_id=2211"},"modified":"2021-12-14T23:49:15","modified_gmt":"2021-12-14T22:49:15","slug":"meeting-jitsi","status":"publish","type":"page","link":"http:\/\/marchedudimanche.be\/wordpress\/meeting-jitsi\/","title":{"rendered":"Meeting JITSI"},"content":{"rendered":"\n<p>JITSI est une application libre permettant d&rsquo;organiser et de participer \u00e0 des r\u00e9unions virtuelles avec<\/p>\n\n\n\n<ul class=\"wp-block-list\"><li>un ordinateur \u00e9quip\u00e9 d&rsquo;un micro, de haut-parleurs et \u00e9ventuellement d&rsquo;une webcam,<\/li><li>un smartphone (Android) ou iPhone (Apple),<\/li><li>une tablette (Android) ou iPad (Apple).<\/li><\/ul>\n\n\n\n<p>La participation \u00e0 une r\u00e9union JITSI peut \u00eatre <strong><em>lanc\u00e9e dans le navigateur<\/em> <\/strong>web  (En Anglais: <strong><em>Launch in web<\/em><\/strong>) et ne n\u00e9cessite donc pas l&rsquo;installation d&rsquo;une application dans votre \u00e9quipement. <\/p>\n\n\n\n<p>Lors de l&rsquo;acc\u00e8s au \u00ab\u00a0meeting jitsi\u00a0\u00bb, vous devrez<\/p>\n\n\n\n<ul class=\"wp-block-list\"><li>pr\u00e9ciser votre pr\u00e9nom dans la zone de saisie blanche,<\/li><li>autoriser l&rsquo;utilisation de votre micro et de votre webcam en cliquant sur les ic\u00f4nes correspondants,<\/li><li>cliquer sur le bouton \u00ab\u00a0rejoindre la r\u00e9union\u00a0\u00bb<\/li><\/ul>\n\n\n\n<p><a rel=\"noreferrer noopener\" aria-label=\"Acc\u00e9der \u00e0 la r\u00e9union virtuelle &quot;Marche du dimanche&quot;. (s\u2019ouvre dans un nouvel onglet)\" href=\"https:\/\/meet.jit.si\/marchedudimanche\" target=\"_blank\">Acc\u00e9der \u00e0 la r\u00e9union virtuelle (meeting jitsi) de \u00ab\u00a0Marche du dimanche\u00a0\u00bb.<\/a><\/p>\n\n\n\n<p> <\/p>\n\n\n\n<p> <\/p>\n\n\n\n<p> <\/p>\n","protected":false},"excerpt":{"rendered":"<p>JITSI est une application libre permettant d&rsquo;organiser et de participer \u00e0 des r\u00e9unions virtuelles avec un ordinateur \u00e9quip\u00e9 d&rsquo;un micro, de haut-parleurs et \u00e9ventuellement d&rsquo;une webcam, un smartphone (Android) ou iPhone (Apple), une tablette (Android) ou iPad (Apple). La participation \u00e0 une r\u00e9union JITSI peut \u00eatre lanc\u00e9e dans le navigateur web (En Anglais: Launch in [&hellip;]<\/p>\n","protected":false},"author":1,"featured_media":0,"parent":0,"menu_order":0,"comment_status":"closed","ping_status":"closed","template":"","meta":{"footnotes":""},"class_list":["post-2211","page","type-page","status-publish","hentry"],"_links":{"self":[{"href":"http:\/\/marchedudimanche.be\/wordpress\/wp-json\/wp\/v2\/pages\/2211","targetHints":{"allow":["GET"]}}],"collection":[{"href":"http:\/\/marchedudimanche.be\/wordpress\/wp-json\/wp\/v2\/pages"}],"about":[{"href":"http:\/\/marchedudimanche.be\/wordpress\/wp-json\/wp\/v2\/types\/page"}],"author":[{"embeddable":true,"href":"http:\/\/marchedudimanche.be\/wordpress\/wp-json\/wp\/v2\/users\/1"}],"replies":[{"embeddable":true,"href":"http:\/\/marchedudimanche.be\/wordpress\/wp-json\/wp\/v2\/comments?post=2211"}],"version-history":[{"count":3,"href":"http:\/\/marchedudimanche.be\/wordpress\/wp-json\/wp\/v2\/pages\/2211\/revisions"}],"predecessor-version":[{"id":3349,"href":"http:\/\/marchedudimanche.be\/wordpress\/wp-json\/wp\/v2\/pages\/2211\/revisions\/3349"}],"wp:attachment":[{"href":"http:\/\/marchedudimanche.be\/wordpress\/wp-json\/wp\/v2\/media?parent=2211"}],"curies":[{"name":"wp","href":"https:\/\/api.w.org\/{rel}","templated":true}]}}