{"id":248,"date":"2019-12-30T22:16:44","date_gmt":"2019-12-30T21:16:44","guid":{"rendered":"http:\/\/marchedudimanche.be\/wordpress\/?page_id=248"},"modified":"2020-01-15T22:42:27","modified_gmt":"2020-01-15T21:42:27","slug":"codedelaroute","status":"publish","type":"page","link":"http:\/\/marchedudimanche.be\/wordpress\/codedelaroute\/","title":{"rendered":"Code de la route"},"content":{"rendered":"\n<p class=\"has-text-align-right\"> <a href=\"http:\/\/marchedudimanche.be\/wordpress\/codedelaroute\/print\/\" title=\"Imprimer cet article\" rel=\"nofollow\"><img decoding=\"async\" class=\"WP-PrintIcon\" src=\"http:\/\/marchedudimanche.be\/wordpress\/wp-content\/plugins\/wp-print\/images\/printer_famfamfam.gif\" alt=\"Imprimer cet article\" title=\"Imprimer cet article\" style=\"border: 0px;\" \/><\/a> <\/p>\n\n\n\n<figure class=\"wp-block-image size-large\"><img decoding=\"async\" width=\"64\" height=\"64\" src=\"http:\/\/marchedudimanche.be\/wordpress\/wp-content\/uploads\/2020\/01\/policier1_64x64.png\" alt=\"\" class=\"wp-image-331\"\/><\/figure>\n\n\n\n<p>L&rsquo;article 42 du \u00ab\u00a0code de la route\u00a0\u00bb d\u00e9crit les obligations auxquelles sont tenus les pi\u00e9tons.<\/p>\n\n\n\n<p><strong>42.1<\/strong>  Les pi\u00e9tons doivent emprunter les trottoirs, les parties de la voie   publique qui leur sont r\u00e9serv\u00e9es par le signal D9 ou D10 ou les   accotements en saillie praticables, et \u00e0 d\u00e9faut, les accotements de   plain-pied praticables.  <\/p>\n\n\n\n<div class=\"wp-block-columns is-layout-flex wp-container-core-columns-is-layout-1 wp-block-columns-is-layout-flex\">\n<div class=\"wp-block-column is-layout-flow wp-block-column-is-layout-flow\">\n<figure class=\"wp-block-image\"><img decoding=\"async\" src=\"https:\/\/www.code-de-la-route.be\/images\/stories\/verkeerstekens\/D\/D9.png\" alt=\"This image has an empty alt attribute; its file name is D9.png\"\/><figcaption>D9<\/figcaption><\/figure>\n<\/div>\n\n\n\n<div class=\"wp-block-column is-layout-flow wp-block-column-is-layout-flow\">\n<figure class=\"wp-block-image\"><img decoding=\"async\" src=\"https:\/\/www.code-de-la-route.be\/images\/stories\/verkeerstekens\/D\/D9.png\" alt=\"This image has an empty alt attribute; its file name is D9.png\"\/><figcaption>D10<\/figcaption><\/figure>\n<\/div>\n<\/div>\n\n\n\n<p><\/p>\n\n\n\n<p> <\/p>\n\n\n\n<p><\/p>\n\n\n\n<p><strong>42.2.1.<\/strong>&nbsp;Les personnes qui conduisent \u00e0 la main un  cycle, un cycle motoris\u00e9, un engin de d\u00e9placement ou un cyclomoteur \u00e0  deux roues ou qui transportent des objets encombrants, doivent emprunter  la chauss\u00e9e si elles causent une g\u00eane importante pour les autres  pi\u00e9tons.<\/p>\n\n\n\n<p><strong>42.2.2<\/strong> A d\u00e9faut de trottoirs ou d&rsquo;accotements praticables, les pi\u00e9tons peuvent emprunter les autres parties de la voie publique.<\/p>\n\n\n\n<p><strong>1\u00b0<\/strong> Lorsque les pi\u00e9tons \nempruntent la piste cyclable, ils doivent c\u00e9der le passage aux \nconducteurs de bicyclettes et de cyclomoteurs.<\/p>\n\n\n\n<p><strong>2\u00b0<\/strong> Lorsque les pi\u00e9tons \nempruntent la chauss\u00e9e, ils doivent se tenir le plus pr\u00e8s possible du \nbord de celle-ci, et, sauf circonstances particuli\u00e8res, circuler du c\u00f4t\u00e9\n gauche dans le sens de leur marche.<\/p>\n\n\n\n<p>Toutefois, les personnes qui conduisent \u00e0 la main une bicyclette, un  cycle motoris\u00e9 \u00e0 deux roues&nbsp;ou un cyclomoteur \u00e0 deux roues, doivent  circuler du c\u00f4t\u00e9 droit dans le sens de leur marche.<\/p>\n\n\n\n<p><strong>42.3<\/strong>.&nbsp;<strong>Les cort\u00e8ges, les processions et les groupes  de pi\u00e9tons conduits par un guide peuvent circuler sur la chauss\u00e9e; ils  doivent dans ce cas emprunter le c\u00f4t\u00e9 droit.<\/strong><\/p>\n\n\n\n<p><strong>Toutefois, les groupes de pi\u00e9tons compos\u00e9s de cinq personnes et plus,  accompagn\u00e9s d&rsquo;un guide peuvent \u00e9galement emprunter le c\u00f4t\u00e9 gauche de la  voirie. Dans ce cas, ils doivent marcher en file indienne.<\/strong><\/p>\n\n\n\n<p>Lorsque les conditions de visibilit\u00e9 fix\u00e9es \u00e0 l&rsquo;article 30 sont d&rsquo;application, l&rsquo;ordre des feux prescrits par l&rsquo;article&nbsp;30.3.5\u00b0 est invers\u00e9.<\/p>\n\n\n\n<p><strong>42.4.1.<\/strong> <strong>Les pi\u00e9tons doivent traverser la chauss\u00e9e  perpendiculairement \u00e0 son axe; ils ne peuvent s&rsquo;y attarder, ni s&rsquo;y  arr\u00eater sans n\u00e9cessit\u00e9.<\/strong><\/p>\n\n\n\n<p><strong>Quand il existe un passage pour pi\u00e9tons \u00e0 une distance de moins de 20 m\u00e8tres environ, les pi\u00e9tons sont tenus de l&#8217;emprunter.<\/strong><\/p>\n\n\n\n<p>Les pi\u00e9tons ne peuvent entraver la circulation sans n\u00e9cessit\u00e9 sur les trottoirs traversant tels que d\u00e9finis \u00e0 l&rsquo;article&nbsp;2.40.<\/p>\n\n\n\n<p> <strong>42.4.2.<\/strong>&nbsp;<strong>Aux endroits comportant des signaux lumineux de  circulation bicolores pour pi\u00e9tons, ceux-ci ne peuvent s&rsquo;engager sur la  chauss\u00e9e tant que les signaux ne les y autorisent pas. <\/strong><\/p>\n\n\n\n<p> <strong>42.4.3.<\/strong> <strong>Aux endroits o\u00f9 la circulation est r\u00e9gl\u00e9e par  un agent qualifi\u00e9 ou par des signaux lumineux de circulation sans  signaux lumineux de circulation bicolores pour pi\u00e9tons, ceux-ci ne  peuvent s&rsquo;engager sur la chauss\u00e9e qu&rsquo;en se conformant aux injonctions  des agents qualifi\u00e9s ou aux indications des signaux lumineux de  circulation. <\/strong><\/p>\n\n\n\n<p> <strong>42.4.4.<\/strong> Aux endroits o\u00f9 la circulation n&rsquo;est r\u00e9gl\u00e9e ni  par un agent qualifi\u00e9, ni par des signaux lumineux de circulation, les  pi\u00e9tons ne peuvent s&rsquo;engager sur la chauss\u00e9e qu&rsquo;avec prudence et en  tenant compte des v\u00e9hicules qui s&rsquo;approchent. <\/p>\n\n\n\n<p> <em><strong>42.4.5.<\/strong> <\/em> Article supprim\u00e9.<\/p>\n\n\n\n<p> <strong>42.4.6.<\/strong> Sauf s&rsquo;ils y sont autoris\u00e9s par des feux de  signalisation, les pi\u00e9tons ne peuvent s&rsquo;engager sur un passage pour  pi\u00e9tons traversant des rails de tram ou un site propre de tram lorsqu&rsquo;un  tram approche. <\/p>\n","protected":false},"excerpt":{"rendered":"<p>L&rsquo;article 42 du \u00ab\u00a0code de la route\u00a0\u00bb d\u00e9crit les obligations auxquelles sont tenus les pi\u00e9tons. 42.1 Les pi\u00e9tons doivent emprunter les trottoirs, les parties de la voie publique qui leur sont r\u00e9serv\u00e9es par le signal D9 ou D10 ou les accotements en saillie praticables, et \u00e0 d\u00e9faut, les accotements de plain-pied praticables. 42.2.1.&nbsp;Les personnes qui [&hellip;]<\/p>\n","protected":false},"author":1,"featured_media":0,"parent":0,"menu_order":0,"comment_status":"closed","ping_status":"closed","template":"","meta":{"footnotes":""},"class_list":["post-248","page","type-page","status-publish","hentry"],"_links":{"self":[{"href":"http:\/\/marchedudimanche.be\/wordpress\/wp-json\/wp\/v2\/pages\/248","targetHints":{"allow":["GET"]}}],"collection":[{"href":"http:\/\/marchedudimanche.be\/wordpress\/wp-json\/wp\/v2\/pages"}],"about":[{"href":"http:\/\/marchedudimanche.be\/wordpress\/wp-json\/wp\/v2\/types\/page"}],"author":[{"embeddable":true,"href":"http:\/\/marchedudimanche.be\/wordpress\/wp-json\/wp\/v2\/users\/1"}],"replies":[{"embeddable":true,"href":"http:\/\/marchedudimanche.be\/wordpress\/wp-json\/wp\/v2\/comments?post=248"}],"version-history":[{"count":18,"href":"http:\/\/marchedudimanche.be\/wordpress\/wp-json\/wp\/v2\/pages\/248\/revisions"}],"predecessor-version":[{"id":598,"href":"http:\/\/marchedudimanche.be\/wordpress\/wp-json\/wp\/v2\/pages\/248\/revisions\/598"}],"wp:attachment":[{"href":"http:\/\/marchedudimanche.be\/wordpress\/wp-json\/wp\/v2\/media?parent=248"}],"curies":[{"name":"wp","href":"https:\/\/api.w.org\/{rel}","templated":true}]}}