{"id":2645,"date":"2021-06-08T12:11:45","date_gmt":"2021-06-08T10:11:45","guid":{"rendered":"http:\/\/marchedudimanche.be\/wordpress\/?page_id=2645"},"modified":"2021-06-08T12:15:37","modified_gmt":"2021-06-08T10:15:37","slug":"covid","status":"publish","type":"page","link":"http:\/\/marchedudimanche.be\/wordpress\/covid\/","title":{"rendered":"Dispositions COVID"},"content":{"rendered":"\n<p>Sur le lieu de rassemblement, les r\u00e8gles de distanciation physique (1m50) et le port du masque seront de rigueur.<\/p>\n\n\n\n<p>Le port du masque ne sera toutefois pas requis pendant la randonn\u00e9e sauf dans les zones o\u00f9 un affichage l&rsquo;imposerait.<\/p>\n\n\n\n<p>Ces dispositions sont susceptibles d&rsquo;\u00eatre adapt\u00e9es en fonction des d\u00e9cisions futures des autorit\u00e9s sanitaires. <\/p>\n","protected":false},"excerpt":{"rendered":"<p>Sur le lieu de rassemblement, les r\u00e8gles de distanciation physique (1m50) et le port du masque seront de rigueur. Le port du masque ne sera toutefois pas requis pendant la randonn\u00e9e sauf dans les zones o\u00f9 un affichage l&rsquo;imposerait. Ces dispositions sont susceptibles d&rsquo;\u00eatre adapt\u00e9es en fonction des d\u00e9cisions futures des autorit\u00e9s sanitaires.<\/p>\n","protected":false},"author":1,"featured_media":0,"parent":0,"menu_order":0,"comment_status":"closed","ping_status":"closed","template":"","meta":{"footnotes":""},"class_list":["post-2645","page","type-page","status-publish","hentry"],"_links":{"self":[{"href":"http:\/\/marchedudimanche.be\/wordpress\/wp-json\/wp\/v2\/pages\/2645","targetHints":{"allow":["GET"]}}],"collection":[{"href":"http:\/\/marchedudimanche.be\/wordpress\/wp-json\/wp\/v2\/pages"}],"about":[{"href":"http:\/\/marchedudimanche.be\/wordpress\/wp-json\/wp\/v2\/types\/page"}],"author":[{"embeddable":true,"href":"http:\/\/marchedudimanche.be\/wordpress\/wp-json\/wp\/v2\/users\/1"}],"replies":[{"embeddable":true,"href":"http:\/\/marchedudimanche.be\/wordpress\/wp-json\/wp\/v2\/comments?post=2645"}],"version-history":[{"count":3,"href":"http:\/\/marchedudimanche.be\/wordpress\/wp-json\/wp\/v2\/pages\/2645\/revisions"}],"predecessor-version":[{"id":2648,"href":"http:\/\/marchedudimanche.be\/wordpress\/wp-json\/wp\/v2\/pages\/2645\/revisions\/2648"}],"wp:attachment":[{"href":"http:\/\/marchedudimanche.be\/wordpress\/wp-json\/wp\/v2\/media?parent=2645"}],"curies":[{"name":"wp","href":"https:\/\/api.w.org\/{rel}","templated":true}]}}