{"id":2927,"date":"2021-08-03T18:46:29","date_gmt":"2021-08-03T16:46:29","guid":{"rendered":"http:\/\/marchedudimanche.be\/wordpress\/?page_id=2927"},"modified":"2021-08-04T17:24:44","modified_gmt":"2021-08-04T15:24:44","slug":"osmand","status":"publish","type":"page","link":"http:\/\/marchedudimanche.be\/wordpress\/osmand\/","title":{"rendered":"Utilisation de traces GPX sur un smartphone avec OSMAND"},"content":{"rendered":"\n<p>Les fichiers GPX sont des fichiers contenant des itin\u00e9raires num\u00e9ris\u00e9s qui peuvent \u00eatre exploit\u00e9s sur un smartphone avec diverses applications: GPX viewer, OSMAND, &#8230;<\/p>\n\n\n\n<p><strong>L&rsquo;application <\/strong>OSMAND est une application GPS pour smartphone qui permet d&rsquo;utiliser des cartes hors-ligne. La version gratuite permet d&#8217;embarquer 5 cartes r\u00e9gionales qui peuvent \u00eatre: Wallonie, Flandre et Hauts de France. Cette application propose en outre des greffons (plugins) pour, par exemple, enregistrer votre trace lors d&rsquo;une randonn\u00e9e. <\/p>\n\n\n\n<p>De nombreux tutoriels sont disponibles sur Internet. <\/p>\n\n\n\n<p>Voici quelques liens vers des vid\u00e9os expliquant comment exploiter les fichiers GPX avec l&rsquo;application OSMAND:<\/p>\n\n\n\n<figure class=\"wp-block-table\"><table class=\"\"><tbody><tr><td>Sujet:<\/td><td>Dur\u00e9e<\/td><td><\/td><\/tr><tr><td> <a rel=\"noreferrer noopener\" href=\"https:\/\/www.youtube.com\/watch?v=1DB2Cnh8X54\" target=\"_blank\">Qu&rsquo;est ce qu&rsquo;une trace GPX, quels sont les types de traces, que contient un fichier GPX ?<\/a><br>Courte vid\u00e9o \u00e0 visionner pour comprendre l&rsquo;utilit\u00e9 du fichier GPX.<\/td><td>3&rsquo;38\u00a0\u00bb<br><\/td><td><\/td><\/tr><tr><td> <a href=\"https:\/\/www.youtube.com\/watch?v=jtVMv7uuz6k\" target=\"_blank\" rel=\"noreferrer noopener\" aria-label=\"T\u00e9l\u00e9charger Osmand et Installer sa 1\u00e8re Carte (s\u2019ouvre dans un nouvel onglet)\">T\u00e9l\u00e9charger Osmand et Installer sa 1\u00e8re Carte<\/a>&nbsp; <\/td><td>6&rsquo;35\u00a0\u00bb<\/td><td><\/td><\/tr><tr><td> <a href=\"https:\/\/www.youtube.com\/watch?v=zuDcWdcEtis\" target=\"_blank\" rel=\"noreferrer noopener\" aria-label=\"Tutoriel Osmand : Comment bien utiliser les cartes hors-ligne (s\u2019ouvre dans un nouvel onglet)\">Tutoriel Osmand : Comment bien utiliser les cartes hors-ligne<\/a> <\/td><td>5&rsquo;55\u00a0\u00bb<\/td><td><\/td><\/tr><tr><td> <a href=\"https:\/\/www.youtube.com\/watch?v=tpLgHBNL170\" target=\"_blank\" rel=\"noreferrer noopener\" aria-label=\"Configurer les Param\u00e8tres G\u00e9n\u00e9raux d'Osmand (s\u2019ouvre dans un nouvel onglet)\">Configurer les Param\u00e8tres G\u00e9n\u00e9raux d&rsquo;Osmand<\/a> <\/td><td>7&rsquo;53\u00a0\u00bb<\/td><td><\/td><\/tr><tr><td> <a href=\"https:\/\/www.youtube.com\/watch?v=q_iS1h9EG-w\" target=\"_blank\" rel=\"noreferrer noopener\" aria-label=\"Tutoriel Osmand : Comment importer une trace GPX  (s\u2019ouvre dans un nouvel onglet)\">Tutoriel Osmand : Comment importer une trace GPX <\/a><\/td><td>4&rsquo;36\u00a0\u00bb<\/td><td><\/td><\/tr><tr><td> <a rel=\"noreferrer noopener\" aria-label=\"Comment configurer OsmAnd et suivre des traces GPX route \/ tout terrain : mon tuto iOS \/ Android ? (s\u2019ouvre dans un nouvel onglet)\" href=\"https:\/\/www.youtube.com\/watch?v=JgIgHnxbQ2A\" target=\"_blank\">Comment configurer OsmAnd et suivre des traces GPX route \/ tout terrain : mon tuto iOS \/ Android ?<\/a>  <br>Longue vid\u00e9o sur l&rsquo;application OsmAND pour smartphone et iPhone<\/td><td>36&rsquo;17\u00a0\u00bb<\/td><td><\/td><\/tr><\/tbody><\/table><\/figure>\n\n\n\n<p><\/p>\n\n\n\n<p>  <\/p>\n","protected":false},"excerpt":{"rendered":"<p>Les fichiers GPX sont des fichiers contenant des itin\u00e9raires num\u00e9ris\u00e9s qui peuvent \u00eatre exploit\u00e9s sur un smartphone avec diverses applications: GPX viewer, OSMAND, &#8230; L&rsquo;application OSMAND est une application GPS pour smartphone qui permet d&rsquo;utiliser des cartes hors-ligne. La version gratuite permet d&#8217;embarquer 5 cartes r\u00e9gionales qui peuvent \u00eatre: Wallonie, Flandre et Hauts de France. [&hellip;]<\/p>\n","protected":false},"author":1,"featured_media":0,"parent":0,"menu_order":0,"comment_status":"closed","ping_status":"closed","template":"","meta":{"footnotes":""},"class_list":["post-2927","page","type-page","status-publish","hentry"],"_links":{"self":[{"href":"http:\/\/marchedudimanche.be\/wordpress\/wp-json\/wp\/v2\/pages\/2927","targetHints":{"allow":["GET"]}}],"collection":[{"href":"http:\/\/marchedudimanche.be\/wordpress\/wp-json\/wp\/v2\/pages"}],"about":[{"href":"http:\/\/marchedudimanche.be\/wordpress\/wp-json\/wp\/v2\/types\/page"}],"author":[{"embeddable":true,"href":"http:\/\/marchedudimanche.be\/wordpress\/wp-json\/wp\/v2\/users\/1"}],"replies":[{"embeddable":true,"href":"http:\/\/marchedudimanche.be\/wordpress\/wp-json\/wp\/v2\/comments?post=2927"}],"version-history":[{"count":20,"href":"http:\/\/marchedudimanche.be\/wordpress\/wp-json\/wp\/v2\/pages\/2927\/revisions"}],"predecessor-version":[{"id":2965,"href":"http:\/\/marchedudimanche.be\/wordpress\/wp-json\/wp\/v2\/pages\/2927\/revisions\/2965"}],"wp:attachment":[{"href":"http:\/\/marchedudimanche.be\/wordpress\/wp-json\/wp\/v2\/media?parent=2927"}],"curies":[{"name":"wp","href":"https:\/\/api.w.org\/{rel}","templated":true}]}}