{"id":3530,"date":"2022-03-12T09:52:55","date_gmt":"2022-03-12T08:52:55","guid":{"rendered":"http:\/\/marchedudimanche.be\/wordpress\/?page_id=3530"},"modified":"2022-03-13T08:39:44","modified_gmt":"2022-03-13T07:39:44","slug":"randonnees-non-guidees","status":"publish","type":"page","link":"http:\/\/marchedudimanche.be\/wordpress\/randonnees-non-guidees\/","title":{"rendered":"Randonn\u00e9es non guid\u00e9es"},"content":{"rendered":"\n<p>Le comit\u00e9 \u00ab\u00a0Marche du Dimanche\u00a0\u00bb<\/p>\n\n\n\n<ul class=\"wp-block-list\"><li>d\u00e9cline toute responsabilit\u00e9 en ce qui concerne les randonn\u00e9es r\u00e9alis\u00e9es en autonomie (chute d\u2019arbre, affaissement de terrain, etc\u2026),<\/li><li>ne peut garantir l\u2019\u00e9tat du parcours et sa praticabilit\u00e9 (exemple: chemin obstru\u00e9, d\u00e9viation, chasse, crue, etc..), la fr\u00e9quentation par d\u2019autres acteurs (v\u00e9los, motos, etc\u2026), les conditions m\u00e9t\u00e9orologiques (brouillard, temp\u00eate, etc\u2026),<\/li><li>ne peut certifier que les itin\u00e9raires renseign\u00e9s sont bien dans l\u2019espace public (propri\u00e9t\u00e9 priv\u00e9e, chiens, etc\u2026). Le randonneur sera donc attentif \u00e0 ne pas s\u2019introduire dans une propri\u00e9t\u00e9 priv\u00e9e.<\/li><\/ul>\n\n\n\n<p>Quelle cat\u00e9gorie de randonn\u00e9e ?<\/p>\n\n\n\n<aside id=\"nav_menu-6\" class=\"widget widget_nav_menu amr_widget\"><nav class=\"menu-regions-randonnee-container\" aria-label=\"Menu\"><ul id=\"menu-regions-randonnee\" class=\"menu\"><li id=\"menu-item-3610\" class=\"menu-item menu-item-type-taxonomy menu-item-object-category menu-item-has-children menu-item-3610\"><a href=\"http:\/\/marchedudimanche.be\/wordpress\/category\/randonnees-non-guidees\/\">Belgique<\/a>\n<ul class=\"sub-menu\">\n\t<li id=\"menu-item-3609\" class=\"menu-item menu-item-type-taxonomy menu-item-object-category menu-item-3609\"><a href=\"http:\/\/marchedudimanche.be\/wordpress\/category\/randonnees-non-guidees\/randonnees-entre-gares-sncb\/\">Entre gares SNCB<\/a><\/li>\n\t<li id=\"menu-item-3608\" class=\"menu-item menu-item-type-taxonomy menu-item-object-category menu-item-3608\"><a href=\"http:\/\/marchedudimanche.be\/wordpress\/category\/randonnees-non-guidees\/randonnees-dans-les-hauts-pays\/\">Hauts-Pays<\/a><\/li>\n<\/ul>\n<\/li>\n<\/ul><\/nav><\/aside>\n","protected":false},"excerpt":{"rendered":"<p>Le comit\u00e9 \u00ab\u00a0Marche du Dimanche\u00a0\u00bb d\u00e9cline toute responsabilit\u00e9 en ce qui concerne les randonn\u00e9es r\u00e9alis\u00e9es en autonomie (chute d\u2019arbre, affaissement de terrain, etc\u2026), ne peut garantir l\u2019\u00e9tat du parcours et sa praticabilit\u00e9 (exemple: chemin obstru\u00e9, d\u00e9viation, chasse, crue, etc..), la fr\u00e9quentation par d\u2019autres acteurs (v\u00e9los, motos, etc\u2026), les conditions m\u00e9t\u00e9orologiques (brouillard, temp\u00eate, etc\u2026), ne peut [&hellip;]<\/p>\n","protected":false},"author":1,"featured_media":0,"parent":0,"menu_order":0,"comment_status":"closed","ping_status":"closed","template":"","meta":{"footnotes":""},"class_list":["post-3530","page","type-page","status-publish","hentry"],"_links":{"self":[{"href":"http:\/\/marchedudimanche.be\/wordpress\/wp-json\/wp\/v2\/pages\/3530","targetHints":{"allow":["GET"]}}],"collection":[{"href":"http:\/\/marchedudimanche.be\/wordpress\/wp-json\/wp\/v2\/pages"}],"about":[{"href":"http:\/\/marchedudimanche.be\/wordpress\/wp-json\/wp\/v2\/types\/page"}],"author":[{"embeddable":true,"href":"http:\/\/marchedudimanche.be\/wordpress\/wp-json\/wp\/v2\/users\/1"}],"replies":[{"embeddable":true,"href":"http:\/\/marchedudimanche.be\/wordpress\/wp-json\/wp\/v2\/comments?post=3530"}],"version-history":[{"count":8,"href":"http:\/\/marchedudimanche.be\/wordpress\/wp-json\/wp\/v2\/pages\/3530\/revisions"}],"predecessor-version":[{"id":3616,"href":"http:\/\/marchedudimanche.be\/wordpress\/wp-json\/wp\/v2\/pages\/3530\/revisions\/3616"}],"wp:attachment":[{"href":"http:\/\/marchedudimanche.be\/wordpress\/wp-json\/wp\/v2\/media?parent=3530"}],"curies":[{"name":"wp","href":"https:\/\/api.w.org\/{rel}","templated":true}]}}