{"id":3659,"date":"2022-03-20T18:58:11","date_gmt":"2022-03-20T17:58:11","guid":{"rendered":"http:\/\/marchedudimanche.be\/wordpress\/?page_id=3659"},"modified":"2022-03-20T19:02:55","modified_gmt":"2022-03-20T18:02:55","slug":"reportages","status":"publish","type":"page","link":"http:\/\/marchedudimanche.be\/wordpress\/reportages\/","title":{"rendered":"Reportages"},"content":{"rendered":"\n<ul class=\"wp-block-list\"><li><a href=\"http:\/\/marchedudimanche.be\/wordpress\/galerie-photos\/\">Galleries Photos<\/a><\/li><li><a href=\"http:\/\/marchedudimanche.be\/wordpress\/videos\/\">Vid\u00e9os<\/a><\/li><li><a href=\"https:\/\/www.telemb.be\/index.php\/article\/hornu-des-randonnees-guidees-pour-decouvrir-la-region\">Reportage T\u00e9l\u00e9MB<\/a><\/li><\/ul>\n","protected":false},"excerpt":{"rendered":"<p>Galleries Photos Vid\u00e9os Reportage T\u00e9l\u00e9MB<\/p>\n","protected":false},"author":1,"featured_media":0,"parent":0,"menu_order":0,"comment_status":"closed","ping_status":"closed","template":"","meta":{"footnotes":""},"class_list":["post-3659","page","type-page","status-publish","hentry"],"_links":{"self":[{"href":"http:\/\/marchedudimanche.be\/wordpress\/wp-json\/wp\/v2\/pages\/3659","targetHints":{"allow":["GET"]}}],"collection":[{"href":"http:\/\/marchedudimanche.be\/wordpress\/wp-json\/wp\/v2\/pages"}],"about":[{"href":"http:\/\/marchedudimanche.be\/wordpress\/wp-json\/wp\/v2\/types\/page"}],"author":[{"embeddable":true,"href":"http:\/\/marchedudimanche.be\/wordpress\/wp-json\/wp\/v2\/users\/1"}],"replies":[{"embeddable":true,"href":"http:\/\/marchedudimanche.be\/wordpress\/wp-json\/wp\/v2\/comments?post=3659"}],"version-history":[{"count":4,"href":"http:\/\/marchedudimanche.be\/wordpress\/wp-json\/wp\/v2\/pages\/3659\/revisions"}],"predecessor-version":[{"id":3665,"href":"http:\/\/marchedudimanche.be\/wordpress\/wp-json\/wp\/v2\/pages\/3659\/revisions\/3665"}],"wp:attachment":[{"href":"http:\/\/marchedudimanche.be\/wordpress\/wp-json\/wp\/v2\/media?parent=3659"}],"curies":[{"name":"wp","href":"https:\/\/api.w.org\/{rel}","templated":true}]}}