{"id":3847,"date":"2022-06-13T21:51:07","date_gmt":"2022-06-13T19:51:07","guid":{"rendered":"http:\/\/marchedudimanche.be\/wordpress\/?page_id=3847"},"modified":"2022-06-13T22:30:55","modified_gmt":"2022-06-13T20:30:55","slug":"rgpd-mailchimp","status":"publish","type":"page","link":"http:\/\/marchedudimanche.be\/wordpress\/rgpd-mailchimp\/","title":{"rendered":"R\u00e8gles de protection de la vie priv\u00e9e"},"content":{"rendered":"\n<p class=\"has-text-align-right\"> <a href=\"http:\/\/marchedudimanche.be\/wordpress\/rgpd-mailchimp\/print\/\" title=\"Imprimer cet article\" rel=\"nofollow\"><img decoding=\"async\" class=\"WP-PrintIcon\" src=\"http:\/\/marchedudimanche.be\/wordpress\/wp-content\/plugins\/wp-print\/images\/printer_famfamfam.gif\" alt=\"Imprimer cet article\" title=\"Imprimer cet article\" style=\"border: 0px;\" \/><\/a> <\/p>\n\n\n\n<figure class=\"wp-block-image size-large\"><img decoding=\"async\" width=\"64\" height=\"64\" src=\"http:\/\/marchedudimanche.be\/wordpress\/wp-content\/uploads\/2020\/01\/gdpr1_64x64.png\" alt=\"\" class=\"wp-image-337\"\/><\/figure>\n\n\n\n<p>La  nouvelle liste de diffusion de l&rsquo;association \u00ab\u00a0Marche du dimanche\u00a0\u00bb est h\u00e9berg\u00e9e sous <a href=\"https:\/\/mailchimp.com\/fr\/\" target=\"_blank\" rel=\"noreferrer noopener\" aria-label=\"MailChimp (s\u2019ouvre dans un nouvel onglet)\">MailChimp<\/a>, un outil en ligne permettant d&rsquo;organiser des campagnes d&rsquo;envoi d&rsquo;E-mails.<\/p>\n\n\n\n<p>L&rsquo;outil MailChimp offre des services qui sont<a href=\"https:\/\/www.ovh.com\/fr\/protection-donnees-personnelles\/gdpr.xml\"> <\/a><a href=\"https:\/\/mailchimp.com\/fr\/gdpr\/\">respectueux du R\u00e9glement G\u00e9n\u00e9ral sur la protection des Donn\u00e9es (RGPD).<\/a><\/p>\n\n\n\n<p>Les donn\u00e9es enregistr\u00e9es dans la liste de diffusion ne sont donc exploitables que par l&rsquo;association \u00ab\u00a0Marche du Dimanche\u00a0\u00bb <\/p>\n\n\n\n<ul class=\"wp-block-list\"><li>pour tenir inform\u00e9 les membres des activit\u00e9s organis\u00e9es via E-mail (ou SMS),<\/li><li>annoncer des \u00e9v\u00e9nements au sein de l&rsquo;association,<\/li><li>proc\u00e9der \u00e0 des t\u00e2ches administratives et statistiques en rapport avec les activit\u00e9s de l&rsquo;association.<\/li><\/ul>\n\n\n\n<p>Les donn\u00e9es r\u00e9colt\u00e9es ne peuvent donc \u00eatre exploit\u00e9es par d&rsquo;autres organismes, entreprises ou associations.<\/p>\n\n\n\n<p>Les donn\u00e9es r\u00e9colt\u00e9es sur les abonn\u00e9s sont<\/p>\n\n\n\n<ul class=\"wp-block-list\"><li>l&rsquo;adresse E-mail (requis),<\/li><li>les nom et pr\u00e9nom (requis),<\/li><li>titre (sexe) (requis),<\/li><li>date de naissance,<\/li><li>addresse, n\u00b0 postal, localit\u00e9 et pays<\/li><li>t\u00e9l\u00e9phone<\/li><li>GSM<\/li><\/ul>\n\n\n\n<p>L&rsquo;encodage des donn\u00e9es peut \u00eatre r\u00e9alis\u00e9<\/p>\n\n\n\n<ul class=\"wp-block-list\"><li>par tout marcheur via le site de l&rsquo;association,<\/li><li>par le secr\u00e9tariat de l&rsquo;association.<\/li><\/ul>\n\n\n\n<p>Les dispositions suivantes sont prises pour \u00e9viter une exploitation abusive de <a href=\".\/listedediffusion\">la liste de diffusion<\/a> comme suit:<\/p>\n\n\n\n<ul class=\"wp-block-list\"><li>Un E-mail est adress\u00e9 \u00e0 tout nouvel abonn\u00e9 pour<ul><li>l&rsquo;informer de l&rsquo;encodage des donn\u00e9es,<\/li><li>lui demander son accord pour autoriser l&rsquo;association \u00ab\u00a0Marche du Dimanche\u00a0\u00bb \u00e0 exploiter ses donn\u00e9es personnelles.<\/li><li>valider l&rsquo;adresse E-mail pour \u00e9viter l&rsquo;exploitation automatis\u00e9e d&rsquo;adresses erron\u00e9es.<\/li><\/ul><\/li><li>En cas d&rsquo;accord, un E-mail de bienvenue lui sera d\u00e9livr\u00e9 lui confirmant son inscription dans la liste de diffusion avec un r\u00e9capitulatif des donn\u00e9es d\u00e9tenues.<\/li><li>Chaque E-mail envoy\u00e9 \u00e0 un abonn\u00e9 sera accompagn\u00e9 d&rsquo;un lien personnalis\u00e9 permettant de se d\u00e9sabonner pour ne plus recevoir de messages.<\/li><\/ul>\n\n\n\n<p>En cas de changement d&rsquo;adresse E-mail, l&rsquo;abonn\u00e9 devra se d\u00e9sinscrire et se r\u00e9encoder avec sa nouvelle adresse E-mail.<\/p>\n\n\n\n<p>Outre ces dispositions, le responsable informatique de la liste de diffusion peut \u00eatre contact\u00e9 via l&rsquo;adresse E-mail webmaster@marchedudimanche.be pour proc\u00e9der \u00e0 une maintenance manuelle de la liste de diffusion en cas d&rsquo;incident technique, en particulier<\/p>\n\n\n\n<ul class=\"wp-block-list\"><li>un E-mail non re\u00e7u,<\/li><li>une demande d&rsquo;obtention d&rsquo;un r\u00e9capitulatif des donn\u00e9es encod\u00e9es.<\/li><\/ul>\n\n\n\n<p><\/p>\n","protected":false},"excerpt":{"rendered":"<p>La nouvelle liste de diffusion de l&rsquo;association \u00ab\u00a0Marche du dimanche\u00a0\u00bb est h\u00e9berg\u00e9e sous MailChimp, un outil en ligne permettant d&rsquo;organiser des campagnes d&rsquo;envoi d&rsquo;E-mails. L&rsquo;outil MailChimp offre des services qui sont respectueux du R\u00e9glement G\u00e9n\u00e9ral sur la protection des Donn\u00e9es (RGPD). Les donn\u00e9es enregistr\u00e9es dans la liste de diffusion ne sont donc exploitables que par [&hellip;]<\/p>\n","protected":false},"author":1,"featured_media":0,"parent":0,"menu_order":0,"comment_status":"closed","ping_status":"closed","template":"","meta":{"footnotes":""},"class_list":["post-3847","page","type-page","status-publish","hentry"],"_links":{"self":[{"href":"http:\/\/marchedudimanche.be\/wordpress\/wp-json\/wp\/v2\/pages\/3847","targetHints":{"allow":["GET"]}}],"collection":[{"href":"http:\/\/marchedudimanche.be\/wordpress\/wp-json\/wp\/v2\/pages"}],"about":[{"href":"http:\/\/marchedudimanche.be\/wordpress\/wp-json\/wp\/v2\/types\/page"}],"author":[{"embeddable":true,"href":"http:\/\/marchedudimanche.be\/wordpress\/wp-json\/wp\/v2\/users\/1"}],"replies":[{"embeddable":true,"href":"http:\/\/marchedudimanche.be\/wordpress\/wp-json\/wp\/v2\/comments?post=3847"}],"version-history":[{"count":7,"href":"http:\/\/marchedudimanche.be\/wordpress\/wp-json\/wp\/v2\/pages\/3847\/revisions"}],"predecessor-version":[{"id":3860,"href":"http:\/\/marchedudimanche.be\/wordpress\/wp-json\/wp\/v2\/pages\/3847\/revisions\/3860"}],"wp:attachment":[{"href":"http:\/\/marchedudimanche.be\/wordpress\/wp-json\/wp\/v2\/media?parent=3847"}],"curies":[{"name":"wp","href":"https:\/\/api.w.org\/{rel}","templated":true}]}}