{"id":410,"date":"2020-01-05T17:21:07","date_gmt":"2020-01-05T16:21:07","guid":{"rendered":"http:\/\/marchedudimanche.be\/wordpress\/?page_id=410"},"modified":"2022-08-07T18:29:44","modified_gmt":"2022-08-07T16:29:44","slug":"listedediffusion","status":"publish","type":"page","link":"http:\/\/marchedudimanche.be\/wordpress\/listedediffusion\/","title":{"rendered":"S&rsquo;abonner \u00e0 la liste de diffusion"},"content":{"rendered":"\n<figure class=\"wp-block-image size-large\"><img decoding=\"async\" width=\"64\" height=\"64\" src=\"http:\/\/marchedudimanche.be\/wordpress\/wp-content\/uploads\/2020\/01\/email1_64x64.png\" alt=\"\" class=\"wp-image-336\"\/><\/figure>\n\n\n\n<p>Une liste de diffusion (\u00ab\u00a0mailing-list\u00a0\u00bb) est un dispositif int\u00e9gr\u00e9 dans un site web permettant d&rsquo;automatiser un publipostage aux utilisateurs (abonn\u00e9s) qui y sont inscrits.<\/p>\n\n\n\n<p> <a href=\"http:\/\/marchedudimanche.be\/wordpress\/mailchimp-inscription\">Je souhaite m&rsquo;inscrire \u00e0 la liste de diffusion (mailing-list) <\/a><\/p>\n","protected":false},"excerpt":{"rendered":"<p>Une liste de diffusion (\u00ab\u00a0mailing-list\u00a0\u00bb) est un dispositif int\u00e9gr\u00e9 dans un site web permettant d&rsquo;automatiser un publipostage aux utilisateurs (abonn\u00e9s) qui y sont inscrits. Je souhaite m&rsquo;inscrire \u00e0 la liste de diffusion (mailing-list)<\/p>\n","protected":false},"author":1,"featured_media":0,"parent":0,"menu_order":0,"comment_status":"closed","ping_status":"closed","template":"","meta":{"footnotes":""},"class_list":["post-410","page","type-page","status-publish","hentry"],"_links":{"self":[{"href":"http:\/\/marchedudimanche.be\/wordpress\/wp-json\/wp\/v2\/pages\/410","targetHints":{"allow":["GET"]}}],"collection":[{"href":"http:\/\/marchedudimanche.be\/wordpress\/wp-json\/wp\/v2\/pages"}],"about":[{"href":"http:\/\/marchedudimanche.be\/wordpress\/wp-json\/wp\/v2\/types\/page"}],"author":[{"embeddable":true,"href":"http:\/\/marchedudimanche.be\/wordpress\/wp-json\/wp\/v2\/users\/1"}],"replies":[{"embeddable":true,"href":"http:\/\/marchedudimanche.be\/wordpress\/wp-json\/wp\/v2\/comments?post=410"}],"version-history":[{"count":28,"href":"http:\/\/marchedudimanche.be\/wordpress\/wp-json\/wp\/v2\/pages\/410\/revisions"}],"predecessor-version":[{"id":4035,"href":"http:\/\/marchedudimanche.be\/wordpress\/wp-json\/wp\/v2\/pages\/410\/revisions\/4035"}],"wp:attachment":[{"href":"http:\/\/marchedudimanche.be\/wordpress\/wp-json\/wp\/v2\/media?parent=410"}],"curies":[{"name":"wp","href":"https:\/\/api.w.org\/{rel}","templated":true}]}}