{"id":5674,"date":"2025-07-21T20:55:47","date_gmt":"2025-07-21T18:55:47","guid":{"rendered":"http:\/\/marchedudimanche.be\/wordpress\/?page_id=5674"},"modified":"2025-07-22T09:28:26","modified_gmt":"2025-07-22T07:28:26","slug":"le-restaurant-la-roseliere","status":"publish","type":"page","link":"http:\/\/marchedudimanche.be\/wordpress\/le-restaurant-la-roseliere\/","title":{"rendered":"Le restaurant \u00ab\u00a0La Roseli\u00e8re &#8211; Relais des Moulineaux\u00a0\u00bb"},"content":{"rendered":"\n<p>Ce dimanche 27 juillet 2025, lors du retour de notre randonn\u00e9e, il vous sera possible de vous restaurer dans cet ancien estaminet de mineurs reconverti en bar-restaurant.<\/p>\n\n\n\n<figure class=\"wp-block-image size-full\"><img fetchpriority=\"high\" decoding=\"async\" width=\"379\" height=\"256\" src=\"http:\/\/marchedudimanche.be\/wordpress\/wp-content\/uploads\/2025\/07\/La-roseliere.jpg\" alt=\"\" class=\"wp-image-5663\" srcset=\"http:\/\/marchedudimanche.be\/wordpress\/wp-content\/uploads\/2025\/07\/La-roseliere.jpg 379w, http:\/\/marchedudimanche.be\/wordpress\/wp-content\/uploads\/2025\/07\/La-roseliere-300x203.jpg 300w, http:\/\/marchedudimanche.be\/wordpress\/wp-content\/uploads\/2025\/07\/La-roseliere-1x1.jpg 1w\" sizes=\"(max-width: 379px) 100vw, 379px\" \/><\/figure>\n\n\n\n<p>La patron souhaite enregistrer les <strong>r\u00e9servations de tables<\/strong> <strong>avant jeudi soir<\/strong> pour r\u00e9organiser son r\u00e9assortiment vendredi en pr\u00e9vision du nombre de convives. Le contacter directement pour r\u00e9server votre table.<\/p>\n\n\n\n<ul class=\"wp-block-list\">\n<li>Tel: +33.327.48.49.38<\/li>\n\n\n\n<li>GSM: +33.635.76.80.77<\/li>\n<\/ul>\n\n\n\n<figure class=\"wp-block-image size-large\"><img decoding=\"async\" width=\"818\" height=\"1024\" src=\"http:\/\/marchedudimanche.be\/wordpress\/wp-content\/uploads\/2025\/07\/Boissons-818x1024.jpg\" alt=\"\" class=\"wp-image-5678\" srcset=\"http:\/\/marchedudimanche.be\/wordpress\/wp-content\/uploads\/2025\/07\/Boissons-818x1024.jpg 818w, http:\/\/marchedudimanche.be\/wordpress\/wp-content\/uploads\/2025\/07\/Boissons-240x300.jpg 240w, http:\/\/marchedudimanche.be\/wordpress\/wp-content\/uploads\/2025\/07\/Boissons-768x961.jpg 768w, http:\/\/marchedudimanche.be\/wordpress\/wp-content\/uploads\/2025\/07\/Boissons-1228x1536.jpg 1228w, http:\/\/marchedudimanche.be\/wordpress\/wp-content\/uploads\/2025\/07\/Boissons-1637x2048.jpg 1637w, http:\/\/marchedudimanche.be\/wordpress\/wp-content\/uploads\/2025\/07\/Boissons-1x1.jpg 1w, http:\/\/marchedudimanche.be\/wordpress\/wp-content\/uploads\/2025\/07\/Boissons.jpg 1668w\" sizes=\"(max-width: 818px) 100vw, 818px\" \/><\/figure>\n\n\n\n<figure class=\"wp-block-image size-large\"><img decoding=\"async\" width=\"812\" height=\"1024\" src=\"http:\/\/marchedudimanche.be\/wordpress\/wp-content\/uploads\/2025\/07\/Les-entrees-812x1024.jpg\" alt=\"\" class=\"wp-image-5679\" srcset=\"http:\/\/marchedudimanche.be\/wordpress\/wp-content\/uploads\/2025\/07\/Les-entrees-812x1024.jpg 812w, http:\/\/marchedudimanche.be\/wordpress\/wp-content\/uploads\/2025\/07\/Les-entrees-238x300.jpg 238w, http:\/\/marchedudimanche.be\/wordpress\/wp-content\/uploads\/2025\/07\/Les-entrees-768x969.jpg 768w, http:\/\/marchedudimanche.be\/wordpress\/wp-content\/uploads\/2025\/07\/Les-entrees-1217x1536.jpg 1217w, http:\/\/marchedudimanche.be\/wordpress\/wp-content\/uploads\/2025\/07\/Les-entrees-1623x2048.jpg 1623w, http:\/\/marchedudimanche.be\/wordpress\/wp-content\/uploads\/2025\/07\/Les-entrees-1x1.jpg 1w, http:\/\/marchedudimanche.be\/wordpress\/wp-content\/uploads\/2025\/07\/Les-entrees.jpg 1849w\" sizes=\"(max-width: 812px) 100vw, 812px\" \/><\/figure>\n\n\n\n<p><\/p>\n\n\n\n<figure class=\"wp-block-image size-large\"><img loading=\"lazy\" decoding=\"async\" width=\"766\" height=\"1024\" src=\"http:\/\/marchedudimanche.be\/wordpress\/wp-content\/uploads\/2025\/07\/Plats1-766x1024.jpg\" alt=\"\" class=\"wp-image-5683\" srcset=\"http:\/\/marchedudimanche.be\/wordpress\/wp-content\/uploads\/2025\/07\/Plats1-766x1024.jpg 766w, http:\/\/marchedudimanche.be\/wordpress\/wp-content\/uploads\/2025\/07\/Plats1-225x300.jpg 225w, http:\/\/marchedudimanche.be\/wordpress\/wp-content\/uploads\/2025\/07\/Plats1-768x1026.jpg 768w, http:\/\/marchedudimanche.be\/wordpress\/wp-content\/uploads\/2025\/07\/Plats1-1150x1536.jpg 1150w, http:\/\/marchedudimanche.be\/wordpress\/wp-content\/uploads\/2025\/07\/Plats1-1533x2048.jpg 1533w, http:\/\/marchedudimanche.be\/wordpress\/wp-content\/uploads\/2025\/07\/Plats1-1x1.jpg 1w, http:\/\/marchedudimanche.be\/wordpress\/wp-content\/uploads\/2025\/07\/Plats1.jpg 1872w\" sizes=\"(max-width: 766px) 100vw, 766px\" \/><\/figure>\n\n\n\n<figure class=\"wp-block-image size-large\"><img loading=\"lazy\" decoding=\"async\" width=\"686\" height=\"1024\" src=\"http:\/\/marchedudimanche.be\/wordpress\/wp-content\/uploads\/2025\/07\/Dessert-686x1024.jpg\" alt=\"\" class=\"wp-image-5684\" srcset=\"http:\/\/marchedudimanche.be\/wordpress\/wp-content\/uploads\/2025\/07\/Dessert-686x1024.jpg 686w, http:\/\/marchedudimanche.be\/wordpress\/wp-content\/uploads\/2025\/07\/Dessert-201x300.jpg 201w, http:\/\/marchedudimanche.be\/wordpress\/wp-content\/uploads\/2025\/07\/Dessert-768x1147.jpg 768w, http:\/\/marchedudimanche.be\/wordpress\/wp-content\/uploads\/2025\/07\/Dessert-1029x1536.jpg 1029w, http:\/\/marchedudimanche.be\/wordpress\/wp-content\/uploads\/2025\/07\/Dessert-1372x2048.jpg 1372w, http:\/\/marchedudimanche.be\/wordpress\/wp-content\/uploads\/2025\/07\/Dessert-1x1.jpg 1w, http:\/\/marchedudimanche.be\/wordpress\/wp-content\/uploads\/2025\/07\/Dessert-scaled.jpg 1715w\" sizes=\"(max-width: 686px) 100vw, 686px\" \/><\/figure>\n\n\n\n<figure class=\"wp-block-image size-large\"><img loading=\"lazy\" decoding=\"async\" width=\"712\" height=\"1024\" src=\"http:\/\/marchedudimanche.be\/wordpress\/wp-content\/uploads\/2025\/07\/Menu-712x1024.jpg\" alt=\"\" class=\"wp-image-5685\" srcset=\"http:\/\/marchedudimanche.be\/wordpress\/wp-content\/uploads\/2025\/07\/Menu-712x1024.jpg 712w, http:\/\/marchedudimanche.be\/wordpress\/wp-content\/uploads\/2025\/07\/Menu-209x300.jpg 209w, http:\/\/marchedudimanche.be\/wordpress\/wp-content\/uploads\/2025\/07\/Menu-768x1105.jpg 768w, http:\/\/marchedudimanche.be\/wordpress\/wp-content\/uploads\/2025\/07\/Menu-1068x1536.jpg 1068w, http:\/\/marchedudimanche.be\/wordpress\/wp-content\/uploads\/2025\/07\/Menu-1424x2048.jpg 1424w, http:\/\/marchedudimanche.be\/wordpress\/wp-content\/uploads\/2025\/07\/Menu-1x1.jpg 1w, http:\/\/marchedudimanche.be\/wordpress\/wp-content\/uploads\/2025\/07\/Menu-scaled.jpg 1780w\" sizes=\"(max-width: 712px) 100vw, 712px\" \/><\/figure>\n\n\n\n<figure class=\"wp-block-image size-large\"><img loading=\"lazy\" decoding=\"async\" width=\"630\" height=\"1024\" src=\"http:\/\/marchedudimanche.be\/wordpress\/wp-content\/uploads\/2025\/07\/Vins-630x1024.jpg\" alt=\"\" class=\"wp-image-5688\" srcset=\"http:\/\/marchedudimanche.be\/wordpress\/wp-content\/uploads\/2025\/07\/Vins-630x1024.jpg 630w, http:\/\/marchedudimanche.be\/wordpress\/wp-content\/uploads\/2025\/07\/Vins-184x300.jpg 184w, http:\/\/marchedudimanche.be\/wordpress\/wp-content\/uploads\/2025\/07\/Vins-768x1249.jpg 768w, http:\/\/marchedudimanche.be\/wordpress\/wp-content\/uploads\/2025\/07\/Vins-945x1536.jpg 945w, http:\/\/marchedudimanche.be\/wordpress\/wp-content\/uploads\/2025\/07\/Vins-1259x2048.jpg 1259w, http:\/\/marchedudimanche.be\/wordpress\/wp-content\/uploads\/2025\/07\/Vins-1x2.jpg 1w, http:\/\/marchedudimanche.be\/wordpress\/wp-content\/uploads\/2025\/07\/Vins-scaled.jpg 1574w\" sizes=\"(max-width: 630px) 100vw, 630px\" \/><\/figure>\n","protected":false},"excerpt":{"rendered":"<p>Ce dimanche 27 juillet 2025, lors du retour de notre randonn\u00e9e, il vous sera possible de vous restaurer dans cet ancien estaminet de mineurs reconverti en bar-restaurant. La patron souhaite enregistrer les r\u00e9servations de tables avant jeudi soir pour r\u00e9organiser son r\u00e9assortiment vendredi en pr\u00e9vision du nombre de convives. Le contacter directement pour r\u00e9server votre [&hellip;]<\/p>\n","protected":false},"author":1,"featured_media":0,"parent":0,"menu_order":0,"comment_status":"closed","ping_status":"closed","template":"","meta":{"footnotes":""},"class_list":["post-5674","page","type-page","status-publish","hentry"],"_links":{"self":[{"href":"http:\/\/marchedudimanche.be\/wordpress\/wp-json\/wp\/v2\/pages\/5674","targetHints":{"allow":["GET"]}}],"collection":[{"href":"http:\/\/marchedudimanche.be\/wordpress\/wp-json\/wp\/v2\/pages"}],"about":[{"href":"http:\/\/marchedudimanche.be\/wordpress\/wp-json\/wp\/v2\/types\/page"}],"author":[{"embeddable":true,"href":"http:\/\/marchedudimanche.be\/wordpress\/wp-json\/wp\/v2\/users\/1"}],"replies":[{"embeddable":true,"href":"http:\/\/marchedudimanche.be\/wordpress\/wp-json\/wp\/v2\/comments?post=5674"}],"version-history":[{"count":12,"href":"http:\/\/marchedudimanche.be\/wordpress\/wp-json\/wp\/v2\/pages\/5674\/revisions"}],"predecessor-version":[{"id":5696,"href":"http:\/\/marchedudimanche.be\/wordpress\/wp-json\/wp\/v2\/pages\/5674\/revisions\/5696"}],"wp:attachment":[{"href":"http:\/\/marchedudimanche.be\/wordpress\/wp-json\/wp\/v2\/media?parent=5674"}],"curies":[{"name":"wp","href":"https:\/\/api.w.org\/{rel}","templated":true}]}}